{"id":2,"date":"2023-09-28T22:03:09","date_gmt":"2023-09-28T22:03:09","guid":{"rendered":"http:\/\/abogadofernandocamara.com\/?page_id=2"},"modified":"2023-10-04T04:01:58","modified_gmt":"2023-10-04T04:01:58","slug":"sample-page","status":"publish","type":"page","link":"https:\/\/www.abogadofernandocamara.com\/?page_id=2","title":{"rendered":"Nuestros Servicios"},"content":{"rendered":"<p>&nbsp;<\/p>\n<p><strong><span style=\"color: #ff6600;\">Laboral<\/span><\/strong><\/p>\n<p>&#8211; Brindamos asistencia legal a las dos partes de la relaci\u00f3n laboral (parte trabajadora y parte empleadora).<br \/>\n&#8211; Realizamos liquidaciones laborales.<br \/>\n-Solicitud y Asistencia a audiencias en el Ministerio de Trabajo y Seguridad Social.<br \/>\n-Procesos Laborales de mayor y menor cuant\u00eda.<br \/>\n-Transacciones judiciales y extrajudiciales.<\/p>\n<p>&#8211; Trabajamos en materia de prevenci\u00f3n de conflictos, orientando al cumplimiento<br \/>\nde las diversas normas que rigen el derecho laboral.<\/p>\n<p><span style=\"color: #ff6600;\"><strong>Civil<\/strong><\/span><\/p>\n<p>-Prescripciones de Bienes Inmuebles y Muebles.<br \/>\n-Accidentes de Tr\u00e1nsito.<br \/>\n\u2013Da\u00f1os y perjuicios.<br \/>\n-Cobro de Seguro provenientes del SOA.<br \/>\n-Responsabilidad contractual y extracontractual.<br \/>\n-Juicios Ejecutivos.<br \/>\n-Procesos de Ejecuci\u00f3n.<br \/>\n-Acciones de Repetici\u00f3n.<br \/>\n-Acci\u00f3n de Nulidad.<br \/>\n-Acciones Reivindicatorias.<br \/>\n\u2013Simulatorias.<br \/>\n-Posesorias.<br \/>\n-Cesaci\u00f3n de Condominio.<br \/>\n-Asesoramiento en materia de arrendamientos de inmuebles, intimaciones de pago y desalojos urbanos y rurales.<br \/>\n-Ejecuciones de Sentencias.<\/p>\n<p><span style=\"color: #ff6600;\"><strong>Familia<\/strong><\/span><\/p>\n<p>-Pensiones Alimenticias.<br \/>\n-Cese de pensi\u00f3n Alimenticia.<br \/>\n-R\u00e9gimen de Visitas.<br \/>\n-Divorcios.<br \/>\n\u2013Declaraci\u00f3n y Disoluci\u00f3n de Uni\u00f3n Concubinaria.<br \/>\n-Disoluci\u00f3n y Liquidaci\u00f3n de Sociedad Conyugal.<br \/>\n-Rectificaci\u00f3n de Partidas.<br \/>\n-Sucesiones.<br \/>\n-Proceso de Incapacidad<br \/>\n-Designaci\u00f3n de Tutores y Curadores.<br \/>\n-Autorizaci\u00f3n de Salida de menores del Pa\u00eds y Pedido de cierre de Fronteras (medida cautelar).<\/p>\n<p><span style=\"color: #ff6600;\"><strong>Comercial<\/strong><\/span><\/p>\n<p>-Cobro judicial de t\u00edtulos valores (cheques \u2013 vales).<br \/>\n-Asistencia, orientaci\u00f3n e instrumentaci\u00f3n de negocios y contratos del giro habitual de nuestros clientes<br \/>\n-Cancelaci\u00f3n de Hipotecas y de T\u00edtulos Valores.<\/p>\n<p><span style=\"color: #ff6600;\"><strong>Penal<\/strong><\/span><\/p>\n<p>-Asesoramiento en materia penal, actuaci\u00f3n desde las primeras etapas en la \u00f3rbita Policial,<br \/>\nFiscal\u00edas y Juzgados Penales, Procesos Abreviados, Simplificados, Juicios Orales, Pedidos de libertad.<\/p>\n","protected":false},"excerpt":{"rendered":"<p>&nbsp; Laboral &#8211; Brindamos asistencia legal a las dos partes de la relaci\u00f3n laboral (parte trabajadora y parte empleadora). &#8211; Realizamos liquidaciones laborales. -Solicitud y Asistencia a audiencias en el Ministerio de Trabajo y Seguridad Social. -Procesos Laborales de mayor y menor cuant\u00eda. -Transacciones judiciales y extrajudiciales. &#8211; Trabajamos en materia de prevenci\u00f3n de conflictos,&hellip; <br \/> <a class=\"read-more\" href=\"https:\/\/www.abogadofernandocamara.com\/?page_id=2\">Leer m\u00e1s<\/a><\/p>\n","protected":false},"author":1,"featured_media":0,"parent":0,"menu_order":2,"comment_status":"closed","ping_status":"open","template":"","meta":{"footnotes":""},"class_list":["post-2","page","type-page","status-publish","hentry"],"_links":{"self":[{"href":"https:\/\/www.abogadofernandocamara.com\/index.php?rest_route=\/wp\/v2\/pages\/2","targetHints":{"allow":["GET"]}}],"collection":[{"href":"https:\/\/www.abogadofernandocamara.com\/index.php?rest_route=\/wp\/v2\/pages"}],"about":[{"href":"https:\/\/www.abogadofernandocamara.com\/index.php?rest_route=\/wp\/v2\/types\/page"}],"author":[{"embeddable":true,"href":"https:\/\/www.abogadofernandocamara.com\/index.php?rest_route=\/wp\/v2\/users\/1"}],"replies":[{"embeddable":true,"href":"https:\/\/www.abogadofernandocamara.com\/index.php?rest_route=%2Fwp%2Fv2%2Fcomments&post=2"}],"version-history":[{"count":11,"href":"https:\/\/www.abogadofernandocamara.com\/index.php?rest_route=\/wp\/v2\/pages\/2\/revisions"}],"predecessor-version":[{"id":232,"href":"https:\/\/www.abogadofernandocamara.com\/index.php?rest_route=\/wp\/v2\/pages\/2\/revisions\/232"}],"wp:attachment":[{"href":"https:\/\/www.abogadofernandocamara.com\/index.php?rest_route=%2Fwp%2Fv2%2Fmedia&parent=2"}],"curies":[{"name":"wp","href":"https:\/\/api.w.org\/{rel}","templated":true}]}}