{"id":206,"date":"2023-09-29T17:22:23","date_gmt":"2023-09-29T17:22:23","guid":{"rendered":"https:\/\/www.abogadofernandocamara.com\/?page_id=206"},"modified":"2023-10-04T04:02:25","modified_gmt":"2023-10-04T04:02:25","slug":"nuestro-estudio","status":"publish","type":"page","link":"https:\/\/www.abogadofernandocamara.com\/?page_id=206","title":{"rendered":"Estudio Jur\u00eddico"},"content":{"rendered":"<p>&nbsp;<\/p>\n<h3 style=\"text-align: center;\">\u00a0 \u00a0 \u00a0Somos un estudio jur\u00eddico ubicado en la ciudad de Artigas- Uruguay, con dedicaci\u00f3n a brindar asesoramiento legal y asistencia profesional en los diversos procesos existentes, trabajando siempre en la protecci\u00f3n de derechos e intereses, en la b\u00fasqueda de Justicia, y en la soluci\u00f3n de los conflictos\u00a0legales de nuestros clientes.<\/h3>\n","protected":false},"excerpt":{"rendered":"<p>&nbsp; \u00a0 \u00a0 \u00a0Somos un estudio jur\u00eddico ubicado en la ciudad de Artigas- Uruguay, con dedicaci\u00f3n a brindar asesoramiento legal y asistencia profesional en los diversos procesos existentes, trabajando siempre en la protecci\u00f3n de derechos e intereses, en la b\u00fasqueda de Justicia, y en la soluci\u00f3n de los conflictos\u00a0legales de nuestros clientes.<\/p>\n","protected":false},"author":1,"featured_media":0,"parent":0,"menu_order":1,"comment_status":"closed","ping_status":"closed","template":"","meta":{"footnotes":""},"class_list":["post-206","page","type-page","status-publish","hentry"],"_links":{"self":[{"href":"https:\/\/www.abogadofernandocamara.com\/index.php?rest_route=\/wp\/v2\/pages\/206","targetHints":{"allow":["GET"]}}],"collection":[{"href":"https:\/\/www.abogadofernandocamara.com\/index.php?rest_route=\/wp\/v2\/pages"}],"about":[{"href":"https:\/\/www.abogadofernandocamara.com\/index.php?rest_route=\/wp\/v2\/types\/page"}],"author":[{"embeddable":true,"href":"https:\/\/www.abogadofernandocamara.com\/index.php?rest_route=\/wp\/v2\/users\/1"}],"replies":[{"embeddable":true,"href":"https:\/\/www.abogadofernandocamara.com\/index.php?rest_route=%2Fwp%2Fv2%2Fcomments&post=206"}],"version-history":[{"count":6,"href":"https:\/\/www.abogadofernandocamara.com\/index.php?rest_route=\/wp\/v2\/pages\/206\/revisions"}],"predecessor-version":[{"id":233,"href":"https:\/\/www.abogadofernandocamara.com\/index.php?rest_route=\/wp\/v2\/pages\/206\/revisions\/233"}],"wp:attachment":[{"href":"https:\/\/www.abogadofernandocamara.com\/index.php?rest_route=%2Fwp%2Fv2%2Fmedia&parent=206"}],"curies":[{"name":"wp","href":"https:\/\/api.w.org\/{rel}","templated":true}]}}